{"id":10135,"date":"2024-12-09T13:08:38","date_gmt":"2024-12-09T12:08:38","guid":{"rendered":"https:\/\/www.easyledstore.it\/prodotto\/led-modul-12v-hohe-effizienz-100lm-0-72w-6700k\/"},"modified":"2026-03-23T14:55:38","modified_gmt":"2026-03-23T13:55:38","slug":"led-modul-12v-hohe-effizienz-100lm-0-72w-6700k","status":"publish","type":"product","link":"https:\/\/www.easyledstore.it\/de\/Produkt\/led-modul-12v-hohe-effizienz-100lm-0-72w-6700k\/","title":{"rendered":"LED-Modul 12V Hohe Effizienz &#8211; 100lm &#8211; 0.72W &#8211; 6700K"},"content":{"rendered":"<p>Das hocheffiziente 12V LED-Modul mit 100 lm\/W 0,72W &#8211; Kompakte Beschilderungsl\u00f6sung<\/p>\n<p>Dieses LED-Modul wurde f\u00fcr die Anforderungen professioneller Beleuchtungsinstallationen entwickelt und bietet eine hervorragende Leistung mit einem k\u00fchlen wei\u00dfen Licht (6700K), das bei jedem Projekt Helligkeit und Klarheit gew\u00e4hrleistet.<\/p>\n<h2>Hauptmerkmale<\/h2>\n<p><strong>Hohe Lichtausbeute:<\/strong> Mit mehr als 100 lm\/W garantiert sie eine helle Ausleuchtung und einen geringen Stromverbrauch.<\/p>\n<p><strong>175\u00b0-Optik:<\/strong> Perfekt f\u00fcr eine gleichm\u00e4\u00dfige Lichtverteilung, ideal f\u00fcr Kastenbriefe und Leuchtk\u00e4sten mit einer Tiefe von 5 bis 25 cm.<\/p>\n<p><strong>Schutzart IP68:<\/strong> Staub- und wasserdicht, ideal f\u00fcr Anwendungen im Freien und in rauen Umgebungen.<\/p>\n<p><strong>Qualit\u00e4tszertifikate:<\/strong> Getestet nach der LM80-Norm und CE-zertifiziert, ein Synonym f\u00fcr Zuverl\u00e4ssigkeit und Sicherheit.<\/p>\n<p><strong>Kompakt und praktisch: <\/strong>Jedes Modul ist mit 2 LEDs ausgestattet. Die kompakten Abmessungen erm\u00f6glichen eine einfache Integration in jedes Design.<\/p>\n<h2>Technische Daten des hocheffizienten 12V-LED-Moduls<\/h2>\n<ul>\n<li><strong>Abmessungen:<\/strong> 41,5 x 13 x 10,1 mm<\/li>\n<li><strong>Abstrahlwinkel: <\/strong>175\u00b0<\/li>\n<li><strong>Betriebsspannung: <\/strong>DC 12V<\/li>\n<li><strong>Leistungsaufnahme: <\/strong>0,72 W pro Modul<\/li>\n<li><strong>Farbtemperatur:<\/strong> 6700K (Kaltwei\u00df)<\/li>\n<li><strong>Betriebstemperatur:<\/strong> -20\u00b0C bis +45\u00b0C<\/li>\n<li><strong>Lagertemperatur:<\/strong> -30\u00b0C bis +70\u00b0C<\/li>\n<li><strong>Kaskade:<\/strong> Reihenschaltung von bis zu 50 Modulen mit <a href=\"https:\/\/www.easyledstore.it\/de\/produktkategorien\/stromversorgungen\/?av2_pa_voltaggio=250&#038;av2_filter_id=2\">12V DC Stromversorgung.<\/a><\/li>\n<\/ul>\n<h2>Empfohlene Anwendungen<\/h2>\n<ul>\n<li><strong>Gekapselte Buchstaben: <\/strong>Ideal f\u00fcr flache und mittlere Tiefen.<\/li>\n<li><strong>Leuchtk\u00e4sten: <\/strong>Sorgt f\u00fcr gleichm\u00e4\u00dfige, schattenfreie Beleuchtung.<\/li>\n<li><strong>Installationen im Freien:<\/strong> h\u00e4lt dank der Schutzart IP68 extremen Wetterbedingungen stand.<\/li>\n<\/ul>\n<h2>Vorteile<\/h2>\n<p>Dieses hocheffiziente 12V-LED-Modul ist die perfekte Wahl f\u00fcr alle, die ein kompaktes, einfach zu installierendes und leistungsstarkes Produkt suchen. Das 6700K Kaltwei\u00df bietet eine brillante Beleuchtung, die ideal f\u00fcr kommerzielle und Werbeanwendungen ist und jedes Projekt aufwertet. <\/p>\n","protected":false},"excerpt":{"rendered":"<p>Hocheffizientes LED-Modul 100 lm\/W &#8211; Kompakte L\u00f6sung f\u00fcr Beschilderungen.<\/p>\n<ul>\n<li>Abstrahlwinkel: 175\u00b0<\/li>\n<li>Betriebsspannung: DC 12V<\/li>\n<li>Leistungsaufnahme: 0,72 W pro Modul<\/li>\n<li>Farbtemperatur: 6700K (Kaltwei\u00df)<\/li>\n<\/ul>\n","protected":false},"featured_media":10128,"comment_status":"open","ping_status":"closed","template":"","meta":[],"product_brand":[],"product_cat":[1098,1117],"product_tag":[1118,1107,1162,1103,1138,1120,1163,1161,1160,1111,1101,1104,1110],"class_list":{"0":"post-10135","1":"product","2":"type-product","3":"status-publish","4":"has-post-thumbnail","6":"product_cat-led-module","7":"product_cat-led-module-fur-einseitige-beschriftungen-boxen-und-schriftzuge","8":"product_tag-0-72w","9":"product_tag-1107","10":"product_tag-100-lumen","11":"product_tag-12v","12":"product_tag-175-grad","13":"product_tag-2-led","14":"product_tag-5-15cm","15":"product_tag-6700k","16":"product_tag-ip68-zertifiziert","17":"product_tag-ja","18":"product_tag-kuhles-weis","19":"product_tag-mit-objektiv","20":"product_tag-weise-leds","22":"first","23":"instock","24":"taxable","25":"shipping-taxable","26":"purchasable","27":"product-type-simple"},"yoast_head":"<!-- This site is optimized with the Yoast SEO plugin v27.3 - https:\/\/yoast.com\/product\/yoast-seo-wordpress\/ -->\n<title>LED-Modul 12V Hohe Effizienz - 100lm - 0.72W - 6700K - Easyledstore<\/title>\n<meta name=\"description\" content=\"LED-Modul 12V hohe Effizienz 100 lm\/W 0,72W - Abstrahlwinkel: 175\u00b0Betriebsspannung: DC 12V - Farbtemperatur: 6700K (Cool White)\" \/>\n<meta name=\"robots\" content=\"index, follow, max-snippet:-1, max-image-preview:large, max-video-preview:-1\" \/>\n<link rel=\"canonical\" href=\"https:\/\/www.easyledstore.it\/de\/Produkt\/led-modul-12v-hohe-effizienz-100lm-0-72w-6700k\/\" \/>\n<meta property=\"og:locale\" content=\"de_DE\" \/>\n<meta property=\"og:type\" content=\"article\" \/>\n<meta property=\"og:title\" content=\"LED-Modul 12V Hohe Effizienz - 100lm - 0.72W - 6700K - Easyledstore\" \/>\n<meta property=\"og:description\" content=\"LED-Modul 12V hohe Effizienz 100 lm\/W 0,72W - Abstrahlwinkel: 175\u00b0Betriebsspannung: DC 12V - Farbtemperatur: 6700K (Cool White)\" \/>\n<meta property=\"og:url\" content=\"https:\/\/www.easyledstore.it\/de\/Produkt\/led-modul-12v-hohe-effizienz-100lm-0-72w-6700k\/\" \/>\n<meta property=\"og:site_name\" content=\"Easyledstore\" \/>\n<meta property=\"article:publisher\" content=\"https:\/\/www.facebook.com\/easyledstore\" \/>\n<meta property=\"article:modified_time\" content=\"2026-03-23T13:55:38+00:00\" \/>\n<meta property=\"og:image\" content=\"https:\/\/www.easyledstore.it\/wp-content\/uploads\/2024\/12\/6700k-1.png\" \/>\n\t<meta property=\"og:image:width\" content=\"2000\" \/>\n\t<meta property=\"og:image:height\" content=\"2000\" \/>\n\t<meta property=\"og:image:type\" content=\"image\/png\" \/>\n<meta name=\"twitter:card\" content=\"summary_large_image\" \/>\n<meta name=\"twitter:label1\" content=\"Gesch\u00e4tzte Lesezeit\" \/>\n\t<meta name=\"twitter:data1\" content=\"1\u00a0Minute\" \/>\n<!-- \/ Yoast SEO plugin. -->","yoast_head_json":{"title":"LED-Modul 12V Hohe Effizienz - 100lm - 0.72W - 6700K - Easyledstore","description":"LED-Modul 12V hohe Effizienz 100 lm\/W 0,72W - Abstrahlwinkel: 175\u00b0Betriebsspannung: DC 12V - Farbtemperatur: 6700K (Cool White)","robots":{"index":"index","follow":"follow","max-snippet":"max-snippet:-1","max-image-preview":"max-image-preview:large","max-video-preview":"max-video-preview:-1"},"canonical":"https:\/\/www.easyledstore.it\/de\/Produkt\/led-modul-12v-hohe-effizienz-100lm-0-72w-6700k\/","og_locale":"de_DE","og_type":"article","og_title":"LED-Modul 12V Hohe Effizienz - 100lm - 0.72W - 6700K - Easyledstore","og_description":"LED-Modul 12V hohe Effizienz 100 lm\/W 0,72W - Abstrahlwinkel: 175\u00b0Betriebsspannung: DC 12V - Farbtemperatur: 6700K (Cool White)","og_url":"https:\/\/www.easyledstore.it\/de\/Produkt\/led-modul-12v-hohe-effizienz-100lm-0-72w-6700k\/","og_site_name":"Easyledstore","article_publisher":"https:\/\/www.facebook.com\/easyledstore","article_modified_time":"2026-03-23T13:55:38+00:00","og_image":[{"width":2000,"height":2000,"url":"https:\/\/www.easyledstore.it\/wp-content\/uploads\/2024\/12\/6700k-1.png","type":"image\/png"}],"twitter_card":"summary_large_image","twitter_misc":{"Gesch\u00e4tzte Lesezeit":"1\u00a0Minute"},"schema":{"@context":"https:\/\/schema.org","@graph":[{"@type":"WebPage","@id":"https:\/\/www.easyledstore.it\/de\/Produkt\/led-modul-12v-hohe-effizienz-100lm-0-72w-6700k\/","url":"https:\/\/www.easyledstore.it\/de\/Produkt\/led-modul-12v-hohe-effizienz-100lm-0-72w-6700k\/","name":"LED-Modul 12V Hohe Effizienz - 100lm - 0.72W - 6700K - Easyledstore","isPartOf":{"@id":"https:\/\/www.easyledstore.it\/de\/#website"},"primaryImageOfPage":{"@id":"https:\/\/www.easyledstore.it\/de\/Produkt\/led-modul-12v-hohe-effizienz-100lm-0-72w-6700k\/#primaryimage"},"image":{"@id":"https:\/\/www.easyledstore.it\/de\/Produkt\/led-modul-12v-hohe-effizienz-100lm-0-72w-6700k\/#primaryimage"},"thumbnailUrl":"https:\/\/www.easyledstore.it\/wp-content\/uploads\/2024\/12\/6700k-1.png","datePublished":"2024-12-09T12:08:38+00:00","dateModified":"2026-03-23T13:55:38+00:00","description":"LED-Modul 12V hohe Effizienz 100 lm\/W 0,72W - Abstrahlwinkel: 175\u00b0Betriebsspannung: DC 12V - Farbtemperatur: 6700K (Cool White)","breadcrumb":{"@id":"https:\/\/www.easyledstore.it\/de\/Produkt\/led-modul-12v-hohe-effizienz-100lm-0-72w-6700k\/#breadcrumb"},"inLanguage":"de","potentialAction":[{"@type":"ReadAction","target":["https:\/\/www.easyledstore.it\/de\/Produkt\/led-modul-12v-hohe-effizienz-100lm-0-72w-6700k\/"]}]},{"@type":"ImageObject","inLanguage":"de","@id":"https:\/\/www.easyledstore.it\/de\/Produkt\/led-modul-12v-hohe-effizienz-100lm-0-72w-6700k\/#primaryimage","url":"https:\/\/www.easyledstore.it\/wp-content\/uploads\/2024\/12\/6700k-1.png","contentUrl":"https:\/\/www.easyledstore.it\/wp-content\/uploads\/2024\/12\/6700k-1.png","width":2000,"height":2000,"caption":"Led 2 Module 6700K"},{"@type":"BreadcrumbList","@id":"https:\/\/www.easyledstore.it\/de\/Produkt\/led-modul-12v-hohe-effizienz-100lm-0-72w-6700k\/#breadcrumb","itemListElement":[{"@type":"ListItem","position":1,"name":"Home","item":"https:\/\/www.easyledstore.it\/de\/led-beschilderungsmodule\/"},{"@type":"ListItem","position":2,"name":"IT einkaufen","item":"https:\/\/www.easyledstore.it\/de\/shop\/"},{"@type":"ListItem","position":3,"name":"LED-Modul 12V Hohe Effizienz &#8211; 100lm &#8211; 0.72W &#8211; 6700K"}]},{"@type":"WebSite","@id":"https:\/\/www.easyledstore.it\/de\/#website","url":"https:\/\/www.easyledstore.it\/de\/","name":"Easyledstore","description":"Alimentatori e Moduli LED per Insegne Luminose","publisher":{"@id":"https:\/\/www.easyledstore.it\/de\/#organization"},"potentialAction":[{"@type":"SearchAction","target":{"@type":"EntryPoint","urlTemplate":"https:\/\/www.easyledstore.it\/de\/?s={search_term_string}"},"query-input":{"@type":"PropertyValueSpecification","valueRequired":true,"valueName":"search_term_string"}}],"inLanguage":"de"},{"@type":"Organization","@id":"https:\/\/www.easyledstore.it\/de\/#organization","name":"LTC Lighting Trading Company srls","url":"https:\/\/www.easyledstore.it\/de\/","logo":{"@type":"ImageObject","inLanguage":"de","@id":"https:\/\/www.easyledstore.it\/de\/#\/schema\/logo\/image\/","url":"https:\/\/www.easyledstore.it\/wp-content\/uploads\/2018\/03\/Landscape-FullColor-2000.png","contentUrl":"https:\/\/www.easyledstore.it\/wp-content\/uploads\/2018\/03\/Landscape-FullColor-2000.png","width":2000,"height":641,"caption":"LTC Lighting Trading Company srls"},"image":{"@id":"https:\/\/www.easyledstore.it\/de\/#\/schema\/logo\/image\/"},"sameAs":["https:\/\/www.facebook.com\/easyledstore"]}]}},"_links":{"self":[{"href":"https:\/\/www.easyledstore.it\/de\/wp-json\/wp\/v2\/product\/10135","targetHints":{"allow":["GET"]}}],"collection":[{"href":"https:\/\/www.easyledstore.it\/de\/wp-json\/wp\/v2\/product"}],"about":[{"href":"https:\/\/www.easyledstore.it\/de\/wp-json\/wp\/v2\/types\/product"}],"replies":[{"embeddable":true,"href":"https:\/\/www.easyledstore.it\/de\/wp-json\/wp\/v2\/comments?post=10135"}],"wp:featuredmedia":[{"embeddable":true,"href":"https:\/\/www.easyledstore.it\/de\/wp-json\/wp\/v2\/media\/10128"}],"wp:attachment":[{"href":"https:\/\/www.easyledstore.it\/de\/wp-json\/wp\/v2\/media?parent=10135"}],"wp:term":[{"taxonomy":"product_brand","embeddable":true,"href":"https:\/\/www.easyledstore.it\/de\/wp-json\/wp\/v2\/product_brand?post=10135"},{"taxonomy":"product_cat","embeddable":true,"href":"https:\/\/www.easyledstore.it\/de\/wp-json\/wp\/v2\/product_cat?post=10135"},{"taxonomy":"product_tag","embeddable":true,"href":"https:\/\/www.easyledstore.it\/de\/wp-json\/wp\/v2\/product_tag?post=10135"}],"curies":[{"name":"wp","href":"https:\/\/api.w.org\/{rel}","templated":true}]}}