{"id":9406,"date":"2018-03-22T10:59:13","date_gmt":"2018-03-22T09:59:13","guid":{"rendered":"https:\/\/www.easyledstore.it\/kontakt\/"},"modified":"2026-02-10T15:21:26","modified_gmt":"2026-02-10T14:21:26","slug":"kontakt","status":"publish","type":"page","link":"https:\/\/www.easyledstore.it\/de\/kontakt\/","title":{"rendered":"Kontakt"},"content":{"rendered":"<div class=\"et_pb_section_0 et_pb_section et_section_regular et_block_section et-dark-mode-capable woocommerce preset--module--divi-section--d4100fb4-fb6f-4ab5-8833-3cc530d2fcfb\">\n<div class=\"et_pb_row_0 et_pb_row et_flex_row\">\n<div class=\"et_pb_column_0 et_pb_column et_flex_column et_pb_css_mix_blend_mode_passthrough et_flex_column_12_24 et_flex_column_12_24_tablet et_flex_column_24_24_phone\">\n<div class=\"et_pb_text_0 et_pb_text et_pb_bg_layout_light et_pb_module et_block_module\"><div class=\"et_pb_text_inner\"><h1>Kontaktieren Sie uns<\/h1>\n<p>Verwenden Sie das folgende Formular, um uns eine Nachricht zu senden<\/p>\n<p>oder kontaktieren Sie uns auf WhatsApp<\/p>\n<p>\u00d6ffnungszeiten 8:00 - 13:00 \/ 14:00 - 17:00 Montag bis Freitag<\/p>\n<p>F\u00fcr dringende technische Informationen kontaktieren Sie <strong>+39 3282497836<\/strong> - <strong>+39<\/strong> <strong>0689812109<\/strong><\/p>\n<\/div><\/div>\n\n<div class=\"et_pb_image_0 et_pb_image et_pb_module et_block_module\"><span class=\"et_pb_image_wrap\"><img loading=\"lazy\" decoding=\"async\" src=\"https:\/\/www.easyledstore.it\/wp-content\/uploads\/2024\/02\/EasyLedStore-logo.png\" width=\"200\" height=\"50\" srcset=\"https:\/\/www.easyledstore.it\/wp-content\/uploads\/2024\/02\/EasyLedStore-logo.png 200w, https:\/\/www.easyledstore.it\/wp-content\/uploads\/2024\/02\/EasyLedStore-logo-64x16.png 64w\" sizes=\"(max-width: 200px) 100vw, 200px\" class=\"wp-image-3431\" title=\"EasyLedStore-logo\" \/><\/span><\/div>\n\n<div class=\"et_pb_text_1 et_pb_text et_pb_bg_layout_light et_pb_module et_block_module\"><div class=\"et_pb_text_inner\"><p><strong>L.T.C. S.R.L.<\/strong><\/p>\n<p>Telefon: +39 0689812109<\/p>\n<p>Via San Michele 78 - 04011 - Aprilia (LT)<\/p>\n<p>UMSATZSTEUER-IDENTIFIKATIONSNUMMER: 02763940596<\/p>\n<p>info@easyledstore.it<\/p>\n<\/div><\/div>\n\n<ul class=\"et_pb_social_media_follow_0 et_pb_social_media_follow et_pb_bg_layout_light et_pb_text_align_center-phone et_pb_module et_flex_module\">\n<li class=\"et_pb_social_media_follow_network_0 et_pb_social_media_follow_network et_pb_social_icon et_pb_social_network_link et-social-instagram et_pb_module et_flex_module\"><a href=\"https:\/\/www.instagram.com\/easyledstore.it\/\" class=\"icon\" target=\"_self\" title=\"Follow on Instagram\" rel=\"noopener noreferrer nofollow\"><span class=\"et_pb_social_media_follow_network_name\">Follow<\/span><\/a><\/li>\n\n<li class=\"et_pb_social_media_follow_network_1 et_pb_social_media_follow_network et_pb_social_icon et_pb_social_network_link et-social-facebook et_pb_module et_flex_module\"><a href=\"https:\/\/www.facebook.com\/easyledstore\" class=\"icon\" target=\"_self\" title=\"Follow on Facebook\" rel=\"noopener noreferrer nofollow\"><span class=\"et_pb_social_media_follow_network_name\">Follow<\/span><\/a><\/li>\n\n<li class=\"et_pb_social_media_follow_network_2 et_pb_social_media_follow_network et_pb_social_icon et_pb_social_network_link et-pb-social-fa-icon et-social-tiktok et_pb_module et_flex_module\"><a href=\"https:\/\/www.tiktok.com\/@easyledstore.it\" class=\"icon\" target=\"_self\" title=\"Follow on TikTok\" rel=\"noopener noreferrer nofollow\"><span class=\"et_pb_social_media_follow_network_name\">Follow<\/span><\/a><\/li>\n\n<li class=\"et_pb_social_media_follow_network_3 et_pb_social_media_follow_network et_pb_social_icon et_pb_social_network_link et-social-youtube et_pb_module et_flex_module\"><a href=\"https:\/\/www.youtube.com\/channel\/UCadmBU3-vC9_KmxdkWDh8IQ\" class=\"icon\" target=\"_self\" title=\"Follow on Youtube\" rel=\"noopener noreferrer nofollow\"><span class=\"et_pb_social_media_follow_network_name\">Follow<\/span><\/a><\/li>\n<\/ul>\n<\/div>\n\n<div class=\"et_pb_column_1 et_pb_column et-last-child et_flex_column et_pb_css_mix_blend_mode_passthrough et_flex_column_12_24 et_flex_column_12_24_tablet et_flex_column_24_24_phone\">\n<div class=\"et_pb_contact_form_0 et_pb_contact_form_container clearfix et_pb_recaptcha_enabled et_pb_module et_flex_module\" data-form_unique_num=\"0\" data-form_unique_id=\"e5065220-b1ba-4cba-b9bc-7d0dbd6c54ca\" data-redirect_url=\"\/grazie-richiesta\" id=\"et_pb_contact_form_0\"><h1 class=\"et_pb_contact_main_title\">haben Sie irgendwelche Zweifel?<\/h1><div class=\"et-pb-contact-message\"><\/div><div class=\"et_pb_contact\"><form class=\"et_pb_contact_form et_flex_module\" method=\"post\" action=\"https:\/\/www.easyledstore.it\/de\/wp-json\/wp\/v2\/pages\/9406\">\n<div class=\"et_pb_contact_field_0 et_pb_contact_field et_pb_module et_flex_module et_flex_column_24_24 et_flex_column_24_24_tablet et_flex_column_24_24_phone\" data-id=\"email\" data-type=\"email\"><label class=\"et_pb_contact_form_label\" for=\"et_pb_contact_0_email_0\">E-Mail Adresse<\/label><input type=\"text\" name=\"et_pb_contact_0_email_0\" id=\"et_pb_contact_0_email_0\" class=\"input\" data-required_mark=\"required\" data-field_type=\"email\" data-original_id=\"email\" placeholder=\"E-Mail Adresse\" title=\"\" value=\"\" \/><\/div>\n\n<div class=\"et_pb_contact_field_1 et_pb_contact_field et_pb_module et_flex_module et_flex_column_24_24 et_flex_column_24_24_tablet et_flex_column_24_24_phone\" data-id=\"nome\" data-type=\"input\"><label class=\"et_pb_contact_form_label\" for=\"et_pb_contact_0_nome_1\">Name<\/label><input type=\"text\" name=\"et_pb_contact_0_nome_1\" id=\"et_pb_contact_0_nome_1\" class=\"input\" data-required_mark=\"not_required\" data-field_type=\"input\" data-original_id=\"nome\" placeholder=\"Name\" title=\"\" value=\"\" \/><\/div>\n\n<div class=\"et_pb_contact_field_2 et_pb_contact_field et_pb_module et_flex_module et_flex_column_24_24 et_flex_column_24_24_tablet et_flex_column_24_24_phone\" data-id=\"telefono\" data-type=\"input\"><label class=\"et_pb_contact_form_label\" for=\"et_pb_contact_0_telefono_2\">Telefon<\/label><input type=\"text\" name=\"et_pb_contact_0_telefono_2\" id=\"et_pb_contact_0_telefono_2\" class=\"input\" data-required_mark=\"not_required\" data-field_type=\"input\" data-original_id=\"telefono\" placeholder=\"Telefon\" pattern=\".{8,}\" title=\"Minimum length: 8 characters. \" value=\"\" \/><\/div>\n\n<div class=\"et_pb_contact_field_3 et_pb_contact_field et_pb_module et_flex_module et_flex_column_24_24 et_flex_column_24_24_tablet et_flex_column_24_24_phone\" data-id=\"messaggio\" data-type=\"text\"><label class=\"et_pb_contact_form_label\" for=\"et_pb_contact_0_messaggio_3\">Nachricht<\/label><textarea name=\"et_pb_contact_0_messaggio_3\" id=\"et_pb_contact_0_messaggio_3\" class=\"et_pb_contact_message input\" data-required_mark=\"not_required\" data-field_type=\"text\" data-original_id=\"messaggio\" placeholder=\"Nachricht\"><\/textarea><\/div>\n<input type=\"hidden\" name=\"et_pb_contactform_submit_e5065220-b1ba-4cba-b9bc-7d0dbd6c54ca\" value=\"et_contact_proccess\" \/><div class=\"et_contact_bottom_container\"><div class=\"et_pb_button_wrapper\"><button type=\"submit\" name=\"et_builder_submit_button\" class=\"et_pb_button et_pb_contact_submit\">Senden Sie<\/button><\/div><\/div><input type=\"hidden\" id=\"_wpnonce-et-pb-contact-form-submitted-e5065220-b1ba-4cba-b9bc-7d0dbd6c54ca\" name=\"_wpnonce-et-pb-contact-form-submitted-e5065220-b1ba-4cba-b9bc-7d0dbd6c54ca\" value=\"1580505c61\" \/><input type=\"hidden\" name=\"_wp_http_referer\" value=\"\/de\/wp-json\/wp\/v2\/pages\/9406\" \/><\/form><\/div><\/div>\n<\/div>\n<\/div>\n\n\n\n<div class=\"et_pb_row_1 et_pb_row et_pb_equal_columns et_block_row\">\n<div class=\"et_pb_column_2 et_pb_column et_pb_column_4_4 et-last-child et_block_column et_pb_css_mix_blend_mode_passthrough\">\n<div class=\"et_pb_text_2 et_pb_text et_pb_bg_layout_light et_pb_module et_block_module\"><div class=\"et_pb_text_inner\"><h2>Produkte im Angebot!<\/h2>\n<\/div><\/div>\n\n<div class=\"et_pb_shop_0 et_pb_shop et_pb_shop_grid et_pb_module preset--module--divi-shop--default\" data-shortcode_index=\"0\"><div class=\"woocommerce columns-4 \"><ul class=\"products columns-4\">\n<li class=\"product type-product post-10419 status-publish first instock product_cat-strip-cob product_cat-strip-led product_tag-11w-m product_tag-rosso product_tag-moduli-led-colorati product_tag-ip20 has-post-thumbnail taxable shipping-taxable purchasable product-type-simple\">\n\t<a href=\"https:\/\/www.easyledstore.it\/de\/Produkt\/cob-led-streifen-rot-5m\/\" class=\"woocommerce-LoopProduct-link woocommerce-loop-product__link\"><span class=\"et_shop_image\"><img loading=\"lazy\" decoding=\"async\" width=\"400\" height=\"400\" src=\"https:\/\/www.easyledstore.it\/wp-content\/uploads\/2024\/05\/SCOB-11W-R-400x400.jpg\" class=\"attachment-woocommerce_thumbnail size-woocommerce_thumbnail\" alt=\"Striscia LED COB Rosso\" \/><span class=\"et_overlay\"><\/span><\/span><div class=\"star-rating\" role=\"img\" aria-label=\"Bewertet mit 4.00 von 5\"><span style=\"width:80%\">Bewertet mit <strong class=\"rating\">4.00<\/strong> von 5<\/span><\/div><h2 class=\"woocommerce-loop-product__title\">COB LED-Streifen &#8211; Rot &#8211; 5m<\/h2><div class=\"pai-attribute-images-wrapper\"><\/div>\n\t<span class=\"price\"><span class=\"woocommerce-Price-amount amount\"><bdi>16,50<span class=\"woocommerce-Price-currencySymbol\">&euro;<\/span><\/bdi><\/span> <small class=\"woocommerce-price-suffix\">MwSt. exkl.<\/small><\/span>\n<p class=\"wc-helper-pack-loop-single-price\"><span class=\"woocommerce-Price-amount amount\"><bdi>16,50<span class=\"woocommerce-Price-currencySymbol\">&euro;<\/span><\/bdi><\/span> <small>MwSt. exkl.<\/small><\/p><\/a><\/li>\n<li class=\"product type-product post-11038 status-publish instock product_cat-compact-led product_cat-moduli-led product_cat-miniled product_tag-1-led product_tag-293 product_tag-12v product_tag-41lm product_tag-rosso product_tag-moduli-led-colorati product_tag-ip67 has-post-thumbnail taxable shipping-taxable purchasable product-type-simple\">\n\t<a href=\"https:\/\/www.easyledstore.it\/de\/Produkt\/rotes-mini-led-modul-036w-12v-1-diode\/\" class=\"woocommerce-LoopProduct-link woocommerce-loop-product__link\"><span class=\"et_shop_image\"><img loading=\"lazy\" decoding=\"async\" width=\"400\" height=\"400\" src=\"https:\/\/www.easyledstore.it\/wp-content\/uploads\/2025\/06\/r-400x400.jpg\" class=\"attachment-woocommerce_thumbnail size-woocommerce_thumbnail\" alt=\"Led Micro Red\" \/><span class=\"et_overlay\"><\/span><\/span><div class=\"star-rating\"><span style=\"width:0%\"><\/span><\/div><h2 class=\"woocommerce-loop-product__title\">Rotes Mini-LED-Modul &#8211; 0,36W &#8211; 12V &#8211; 1 Diode<\/h2><div class=\"pai-attribute-images-wrapper\"><\/div>\n\t<span class=\"price\"><span class=\"woocommerce-Price-amount amount\"><bdi>38,00<span class=\"woocommerce-Price-currencySymbol\">&euro;<\/span><\/bdi><\/span> <small class=\"woocommerce-price-suffix\">MwSt. exkl.<\/small> <span class=\"wc-helper-pack-suffix\">pro Packung: 100 St\u00fcck<\/span><\/span>\n<p class=\"wc-helper-pack-loop-single-price\"><span class=\"woocommerce-Price-amount amount\"><bdi>0,38<span class=\"woocommerce-Price-currencySymbol\">&euro;<\/span><\/bdi><\/span> <small>MwSt. exkl.<\/small><\/p><\/a><\/li>\n<\/ul>\n<\/div><\/div>\n\n<div class=\"et_pb_module et_pb_button_module_wrapper et_pb_button_0_wrapper\"><a class=\"et_pb_button_0 et_pb_button et_pb_bg_layout_light et_pb_module et_block_module\" href=\"https:\/\/www.easyledstore.it\/de\/produkte-im-angebot\/\" target=\"_blank\">Alle Angebote sehen \u279c.<\/a><\/div>\n<\/div>\n<\/div>\n\n<div class=\"et_pb_row_2 et_pb_row et_flex_row\">\n<div class=\"et_pb_column_3 et_pb_column et_flex_column et_pb_css_mix_blend_mode_passthrough et_flex_column_24_24 et_flex_column_24_24_tablet et_flex_column_24_24_phone\">\n<div class=\"et_pb_divider_0 et_pb_divider et_pb_space et_pb_divider_position_center et_pb_module\"><div class=\"et_pb_divider_internal\"><\/div><\/div>\n<\/div>\n\n<div class=\"et_pb_column_4 et_pb_column et_flex_column et_pb_css_mix_blend_mode_passthrough et_flex_column_24_24 et_flex_column_24_24_tablet et_flex_column_24_24_phone\">\n<div class=\"et_pb_text_3 et_pb_text et_pb_bg_layout_light et_pb_module et_block_module\"><div class=\"et_pb_text_inner\"><h4><a href=\"https:\/\/easyledstore.it\/spedizione-rapida-easyledstore\/\" target=\"_blank\" rel=\"noopener noreferrer nofollow\"><img loading=\"lazy\" decoding=\"async\" class=\"wp-image-2660 aligncenter size-full\" style=\"display: block; margin-left: auto; margin-right: auto;\" src=\"https:\/\/www.easyledstore.it\/\/wp-content\/uploads\/2023\/11\/spedizione-rapida-easyledstore.png\" alt=\"\" width=\"130\" height=\"47\" \/><\/a><\/h4>\n<h2>Spedizione Rapida in 24h<\/h2>\n<p><strong>Se ordini entro le 12:00<\/strong> dal luned\u00ec al venerd\u00ec hai la <strong>consegna garantita entro 24h<\/strong> in tutta Italia.<\/p>\n<p><em>Isole e zone remote 48h<\/em><\/p>\n<\/div><\/div>\n<\/div>\n\n<div class=\"et_pb_column_5 et_pb_column et-last-child et_flex_column et_pb_css_mix_blend_mode_passthrough et_flex_column_24_24 et_flex_column_24_24_tablet et_flex_column_24_24_phone\">\n<div class=\"et_pb_divider_1 et_pb_divider et_pb_space et_pb_divider_position_center et_pb_module\"><div class=\"et_pb_divider_internal\"><\/div><\/div>\n<\/div>\n<\/div>\n<\/div>","protected":false},"excerpt":{"rendered":"","protected":false},"author":2,"featured_media":0,"parent":0,"menu_order":0,"comment_status":"closed","ping_status":"closed","template":"","meta":{"footnotes":""},"class_list":["post-9406","page","type-page","status-publish","hentry"],"yoast_head":"<!-- This site is optimized with the Yoast SEO plugin v27.5 - https:\/\/yoast.com\/product\/yoast-seo-wordpress\/ -->\n<title>Kontakt - Easyledstore Led-Module und Zubeh\u00f6r f\u00fcr Leuchtreklamen<\/title>\n<meta name=\"description\" content=\"Easyledstore: LED-Module, Stromversorgungen, Zubeh\u00f6r f\u00fcr Ihre Beschilderung. Kontaktieren Sie uns f\u00fcr ein individuelles Angebot. Sichere Zahlungen und schneller Versand in ganz Italien!\" \/>\n<meta name=\"robots\" content=\"index, follow, max-snippet:-1, max-image-preview:large, max-video-preview:-1\" \/>\n<link rel=\"canonical\" href=\"https:\/\/www.easyledstore.it\/de\/kontakt\/\" \/>\n<meta property=\"og:locale\" content=\"de_DE\" \/>\n<meta property=\"og:type\" content=\"article\" \/>\n<meta property=\"og:title\" content=\"Kontakt - Easyledstore Led-Module und Zubeh\u00f6r f\u00fcr Leuchtreklamen\" \/>\n<meta property=\"og:description\" content=\"Easyledstore: LED-Module, Stromversorgungen, Zubeh\u00f6r f\u00fcr Ihre Beschilderung. Kontaktieren Sie uns f\u00fcr ein individuelles Angebot. Sichere Zahlungen und schneller Versand in ganz Italien!\" \/>\n<meta property=\"og:url\" content=\"https:\/\/www.easyledstore.it\/de\/kontakt\/\" \/>\n<meta property=\"og:site_name\" content=\"Easyledstore\" \/>\n<meta property=\"article:publisher\" content=\"https:\/\/www.facebook.com\/easyledstore\" \/>\n<meta property=\"article:modified_time\" content=\"2026-02-10T14:21:26+00:00\" \/>\n<meta name=\"twitter:card\" content=\"summary_large_image\" \/>\n<!-- \/ Yoast SEO plugin. -->","yoast_head_json":{"title":"Kontakt - Easyledstore Led-Module und Zubeh\u00f6r f\u00fcr Leuchtreklamen","description":"Easyledstore: LED-Module, Stromversorgungen, Zubeh\u00f6r f\u00fcr Ihre Beschilderung. Kontaktieren Sie uns f\u00fcr ein individuelles Angebot. Sichere Zahlungen und schneller Versand in ganz Italien!","robots":{"index":"index","follow":"follow","max-snippet":"max-snippet:-1","max-image-preview":"max-image-preview:large","max-video-preview":"max-video-preview:-1"},"canonical":"https:\/\/www.easyledstore.it\/de\/kontakt\/","og_locale":"de_DE","og_type":"article","og_title":"Kontakt - Easyledstore Led-Module und Zubeh\u00f6r f\u00fcr Leuchtreklamen","og_description":"Easyledstore: LED-Module, Stromversorgungen, Zubeh\u00f6r f\u00fcr Ihre Beschilderung. Kontaktieren Sie uns f\u00fcr ein individuelles Angebot. Sichere Zahlungen und schneller Versand in ganz Italien!","og_url":"https:\/\/www.easyledstore.it\/de\/kontakt\/","og_site_name":"Easyledstore","article_publisher":"https:\/\/www.facebook.com\/easyledstore","article_modified_time":"2026-02-10T14:21:26+00:00","twitter_card":"summary_large_image","schema":{"@context":"https:\/\/schema.org","@graph":[{"@type":"WebPage","@id":"https:\/\/www.easyledstore.it\/de\/kontakt\/","url":"https:\/\/www.easyledstore.it\/de\/kontakt\/","name":"Kontakt - Easyledstore Led-Module und Zubeh\u00f6r f\u00fcr Leuchtreklamen","isPartOf":{"@id":"https:\/\/www.easyledstore.it\/de\/#website"},"datePublished":"2018-03-22T09:59:13+00:00","dateModified":"2026-02-10T14:21:26+00:00","description":"Easyledstore: LED-Module, Stromversorgungen, Zubeh\u00f6r f\u00fcr Ihre Beschilderung. Kontaktieren Sie uns f\u00fcr ein individuelles Angebot. Sichere Zahlungen und schneller Versand in ganz Italien!","breadcrumb":{"@id":"https:\/\/www.easyledstore.it\/de\/kontakt\/#breadcrumb"},"inLanguage":"de","potentialAction":[{"@type":"ReadAction","target":["https:\/\/www.easyledstore.it\/de\/kontakt\/"]}]},{"@type":"BreadcrumbList","@id":"https:\/\/www.easyledstore.it\/de\/kontakt\/#breadcrumb","itemListElement":[{"@type":"ListItem","position":1,"name":"Home","item":"https:\/\/www.easyledstore.it\/de\/led-beschilderungsmodule\/"},{"@type":"ListItem","position":2,"name":"Kontakt"}]},{"@type":"WebSite","@id":"https:\/\/www.easyledstore.it\/de\/#website","url":"https:\/\/www.easyledstore.it\/de\/","name":"Easyledstore","description":"Alimentatori e Moduli LED per Insegne Luminose","publisher":{"@id":"https:\/\/www.easyledstore.it\/de\/#organization"},"potentialAction":[{"@type":"SearchAction","target":{"@type":"EntryPoint","urlTemplate":"https:\/\/www.easyledstore.it\/de\/?s={search_term_string}"},"query-input":{"@type":"PropertyValueSpecification","valueRequired":true,"valueName":"search_term_string"}}],"inLanguage":"de"},{"@type":"Organization","@id":"https:\/\/www.easyledstore.it\/de\/#organization","name":"LTC Lighting Trading Company srls","url":"https:\/\/www.easyledstore.it\/de\/","logo":{"@type":"ImageObject","inLanguage":"de","@id":"https:\/\/www.easyledstore.it\/de\/#\/schema\/logo\/image\/","url":"https:\/\/www.easyledstore.it\/wp-content\/uploads\/2018\/03\/Landscape-FullColor-2000.png","contentUrl":"https:\/\/www.easyledstore.it\/wp-content\/uploads\/2018\/03\/Landscape-FullColor-2000.png","width":2000,"height":641,"caption":"LTC Lighting Trading Company srls"},"image":{"@id":"https:\/\/www.easyledstore.it\/de\/#\/schema\/logo\/image\/"},"sameAs":["https:\/\/www.facebook.com\/easyledstore"]}]}},"_links":{"self":[{"href":"https:\/\/www.easyledstore.it\/de\/wp-json\/wp\/v2\/pages\/9406","targetHints":{"allow":["GET"]}}],"collection":[{"href":"https:\/\/www.easyledstore.it\/de\/wp-json\/wp\/v2\/pages"}],"about":[{"href":"https:\/\/www.easyledstore.it\/de\/wp-json\/wp\/v2\/types\/page"}],"author":[{"embeddable":true,"href":"https:\/\/www.easyledstore.it\/de\/wp-json\/wp\/v2\/users\/2"}],"replies":[{"embeddable":true,"href":"https:\/\/www.easyledstore.it\/de\/wp-json\/wp\/v2\/comments?post=9406"}],"version-history":[{"count":2,"href":"https:\/\/www.easyledstore.it\/de\/wp-json\/wp\/v2\/pages\/9406\/revisions"}],"predecessor-version":[{"id":13072,"href":"https:\/\/www.easyledstore.it\/de\/wp-json\/wp\/v2\/pages\/9406\/revisions\/13072"}],"wp:attachment":[{"href":"https:\/\/www.easyledstore.it\/de\/wp-json\/wp\/v2\/media?parent=9406"}],"curies":[{"name":"wp","href":"https:\/\/api.w.org\/{rel}","templated":true}]}}